{"id":25,"date":"2011-08-16T13:13:58","date_gmt":"2011-08-16T11:13:58","guid":{"rendered":"http:\/\/www.markuslinden.de\/wp\/?page_id=25"},"modified":"2023-08-18T14:47:14","modified_gmt":"2023-08-18T12:47:14","slug":"artikel","status":"publish","type":"page","link":"http:\/\/www.markuslinden.de\/?page_id=25","title":{"rendered":"Arbeiten"},"content":{"rendered":"\n<h2 class=\"wp-block-heading\">Organisation von Fotowettbewerben<\/h2>\n\n\n\n<figure class=\"wp-block-image size-large\"><a href=\"http:\/\/www.markuslinden.de\/wp\/wp-content\/uploads\/2022\/03\/wettbewerb_Digitalphoto_04_2022_portrait.png\"><img loading=\"lazy\" decoding=\"async\" width=\"1024\" height=\"722\" src=\"http:\/\/www.markuslinden.de\/wp\/wp-content\/uploads\/2022\/03\/wettbewerb_Digitalphoto_04_2022_portrait-1024x722.png\" alt=\"\" class=\"wp-image-449\" srcset=\"http:\/\/www.markuslinden.de\/wp\/wp-content\/uploads\/2022\/03\/wettbewerb_Digitalphoto_04_2022_portrait-1024x722.png 1024w, http:\/\/www.markuslinden.de\/wp\/wp-content\/uploads\/2022\/03\/wettbewerb_Digitalphoto_04_2022_portrait-300x211.png 300w, http:\/\/www.markuslinden.de\/wp\/wp-content\/uploads\/2022\/03\/wettbewerb_Digitalphoto_04_2022_portrait-768x541.png 768w, http:\/\/www.markuslinden.de\/wp\/wp-content\/uploads\/2022\/03\/wettbewerb_Digitalphoto_04_2022_portrait-1536x1082.png 1536w, http:\/\/www.markuslinden.de\/wp\/wp-content\/uploads\/2022\/03\/wettbewerb_Digitalphoto_04_2022_portrait-426x300.png 426w, http:\/\/www.markuslinden.de\/wp\/wp-content\/uploads\/2022\/03\/wettbewerb_Digitalphoto_04_2022_portrait.png 1605w\" sizes=\"(max-width: 1024px) 100vw, 1024px\" \/><\/a><figcaption class=\"wp-element-caption\">Portr\u00e4t-Wettbewerb in der DigitalPHOTO 4\/2022<\/figcaption><\/figure>\n\n\n\n<p>Organisation der Leserwettbewerbe u. a. in der <a href=\"http:\/\/www.digitalphoto.de\/wettbewerbe\">DigitalPHOTO<\/a><\/p>\n\n\n\n<h2 class=\"wp-block-heading\">Tests Printprodukte<\/h2>\n\n\n\n<figure class=\"wp-block-image size-large\"><a href=\"http:\/\/www.markuslinden.de\/wp\/wp-content\/uploads\/2022\/03\/kalendertest_fM_11_2021.png\"><img loading=\"lazy\" decoding=\"async\" width=\"1024\" height=\"683\" src=\"http:\/\/www.markuslinden.de\/wp\/wp-content\/uploads\/2022\/03\/kalendertest_fM_11_2021-1024x683.png\" alt=\"\" class=\"wp-image-450\" srcset=\"http:\/\/www.markuslinden.de\/wp\/wp-content\/uploads\/2022\/03\/kalendertest_fM_11_2021-1024x683.png 1024w, http:\/\/www.markuslinden.de\/wp\/wp-content\/uploads\/2022\/03\/kalendertest_fM_11_2021-300x200.png 300w, http:\/\/www.markuslinden.de\/wp\/wp-content\/uploads\/2022\/03\/kalendertest_fM_11_2021-768x512.png 768w, http:\/\/www.markuslinden.de\/wp\/wp-content\/uploads\/2022\/03\/kalendertest_fM_11_2021-1536x1024.png 1536w, http:\/\/www.markuslinden.de\/wp\/wp-content\/uploads\/2022\/03\/kalendertest_fM_11_2021-450x300.png 450w, http:\/\/www.markuslinden.de\/wp\/wp-content\/uploads\/2022\/03\/kalendertest_fM_11_2021.png 1584w\" sizes=\"(max-width: 1024px) 100vw, 1024px\" \/><\/a><\/figure>\n\n\n\n<p>Test von Wandkalendern f\u00fcr das <a href=\"http:\/\/www.fotomagazin.de\">fotoMAGAZIN<\/a> 11\/2021<\/p>\n\n\n\n<h2 class=\"wp-block-heading\">Tests Fahrradzubeh\u00f6r<\/h2>\n\n\n\n<figure class=\"wp-block-image size-large\"><a href=\"http:\/\/www.markuslinden.de\/wp\/wp-content\/uploads\/2023\/06\/Bildschirmfoto-2023-06-04-um-17.49.52.png\"><img loading=\"lazy\" decoding=\"async\" width=\"1024\" height=\"868\" src=\"http:\/\/www.markuslinden.de\/wp\/wp-content\/uploads\/2023\/06\/Bildschirmfoto-2023-06-04-um-17.49.52-1024x868.png\" alt=\"\" class=\"wp-image-514\" srcset=\"http:\/\/www.markuslinden.de\/wp\/wp-content\/uploads\/2023\/06\/Bildschirmfoto-2023-06-04-um-17.49.52-1024x868.png 1024w, http:\/\/www.markuslinden.de\/wp\/wp-content\/uploads\/2023\/06\/Bildschirmfoto-2023-06-04-um-17.49.52-300x254.png 300w, http:\/\/www.markuslinden.de\/wp\/wp-content\/uploads\/2023\/06\/Bildschirmfoto-2023-06-04-um-17.49.52-768x651.png 768w, http:\/\/www.markuslinden.de\/wp\/wp-content\/uploads\/2023\/06\/Bildschirmfoto-2023-06-04-um-17.49.52-1536x1301.png 1536w, http:\/\/www.markuslinden.de\/wp\/wp-content\/uploads\/2023\/06\/Bildschirmfoto-2023-06-04-um-17.49.52-354x300.png 354w, http:\/\/www.markuslinden.de\/wp\/wp-content\/uploads\/2023\/06\/Bildschirmfoto-2023-06-04-um-17.49.52.png 2030w\" sizes=\"(max-width: 1024px) 100vw, 1024px\" \/><\/a><figcaption class=\"wp-element-caption\">Regelm\u00e4\u00dfig erscheinenden Tests auf <a href=\"https:\/\/www.spiegel.de\/tests\/fahrrad-zubehoer\/regenjacken-fuers-fahrrad-von-endura-goreware-und-vaude-im-test-a-34b4a239-34a5-447c-83fa-44f5801c147e\">Spiegel.de<\/a><\/figcaption><\/figure>\n\n\n\n<h2 class=\"wp-block-heading\">Social Media<\/h2>\n\n\n\n<figure class=\"wp-block-image size-large\"><a href=\"http:\/\/www.markuslinden.de\/wp\/wp-content\/uploads\/2022\/03\/instagram_pixelfotoexpress.png\"><img loading=\"lazy\" decoding=\"async\" width=\"538\" height=\"1024\" src=\"http:\/\/www.markuslinden.de\/wp\/wp-content\/uploads\/2022\/03\/instagram_pixelfotoexpress-538x1024.png\" alt=\"\" class=\"wp-image-451\" srcset=\"http:\/\/www.markuslinden.de\/wp\/wp-content\/uploads\/2022\/03\/instagram_pixelfotoexpress-538x1024.png 538w, http:\/\/www.markuslinden.de\/wp\/wp-content\/uploads\/2022\/03\/instagram_pixelfotoexpress-158x300.png 158w, http:\/\/www.markuslinden.de\/wp\/wp-content\/uploads\/2022\/03\/instagram_pixelfotoexpress.png 648w\" sizes=\"(max-width: 538px) 100vw, 538px\" \/><\/a><\/figure>\n\n\n\n<p>Fototipps f\u00fcr Social Media, hier 2022 auf Instagram im Auftrag von <a href=\"https:\/\/www.pixelfoto-express.de\/\">PixelfotoExpress<\/a><\/p>\n\n\n\n<h2 class=\"wp-block-heading\">Werbung<\/h2>\n\n\n\n<figure class=\"wp-block-image size-large\"><a href=\"http:\/\/www.markuslinden.de\/wp\/wp-content\/uploads\/2023\/08\/a0-gruppe_b_v1_neu-scaled.jpg\"><img loading=\"lazy\" decoding=\"async\" width=\"726\" height=\"1024\" src=\"http:\/\/www.markuslinden.de\/wp\/wp-content\/uploads\/2023\/08\/a0-gruppe_b_v1_neu-726x1024.jpg\" alt=\"\" class=\"wp-image-585\" srcset=\"http:\/\/www.markuslinden.de\/wp\/wp-content\/uploads\/2023\/08\/a0-gruppe_b_v1_neu-726x1024.jpg 726w, http:\/\/www.markuslinden.de\/wp\/wp-content\/uploads\/2023\/08\/a0-gruppe_b_v1_neu-213x300.jpg 213w, http:\/\/www.markuslinden.de\/wp\/wp-content\/uploads\/2023\/08\/a0-gruppe_b_v1_neu-768x1084.jpg 768w, http:\/\/www.markuslinden.de\/wp\/wp-content\/uploads\/2023\/08\/a0-gruppe_b_v1_neu-1089x1536.jpg 1089w, http:\/\/www.markuslinden.de\/wp\/wp-content\/uploads\/2023\/08\/a0-gruppe_b_v1_neu-1452x2048.jpg 1452w, http:\/\/www.markuslinden.de\/wp\/wp-content\/uploads\/2023\/08\/a0-gruppe_b_v1_neu-scaled.jpg 1814w\" sizes=\"(max-width: 726px) 100vw, 726px\" \/><\/a><\/figure>\n\n\n\n<p>Foto, Layout und Satz f\u00fcr die GR\u00dcNEN in Reinbek.<\/p>\n\n\n\n<h2 class=\"wp-block-heading\">Tests von Fotozubeh\u00f6r jeder Art<\/h2>\n\n\n\n<figure class=\"wp-block-image size-large\"><a href=\"http:\/\/www.markuslinden.de\/wp\/wp-content\/uploads\/2022\/03\/test_fotozubehoer_fM.png\"><img loading=\"lazy\" decoding=\"async\" width=\"1024\" height=\"674\" src=\"http:\/\/www.markuslinden.de\/wp\/wp-content\/uploads\/2022\/03\/test_fotozubehoer_fM-1024x674.png\" alt=\"\" class=\"wp-image-454\" srcset=\"http:\/\/www.markuslinden.de\/wp\/wp-content\/uploads\/2022\/03\/test_fotozubehoer_fM-1024x674.png 1024w, http:\/\/www.markuslinden.de\/wp\/wp-content\/uploads\/2022\/03\/test_fotozubehoer_fM-300x198.png 300w, http:\/\/www.markuslinden.de\/wp\/wp-content\/uploads\/2022\/03\/test_fotozubehoer_fM-768x506.png 768w, http:\/\/www.markuslinden.de\/wp\/wp-content\/uploads\/2022\/03\/test_fotozubehoer_fM-1536x1011.png 1536w, http:\/\/www.markuslinden.de\/wp\/wp-content\/uploads\/2022\/03\/test_fotozubehoer_fM-2048x1349.png 2048w, http:\/\/www.markuslinden.de\/wp\/wp-content\/uploads\/2022\/03\/test_fotozubehoer_fM-456x300.png 456w\" sizes=\"(max-width: 1024px) 100vw, 1024px\" \/><\/a><figcaption class=\"wp-element-caption\">Praxistest Portr\u00e4t-Objektive fotoMAGAZIN<\/figcaption><\/figure>\n\n\n\n<h2 class=\"wp-block-heading\">Tests Von Software<\/h2>\n\n\n<div class=\"wp-block-image\">\n<figure class=\"alignleft size-large\"><a href=\"http:\/\/www.markuslinden.de\/wp\/wp-content\/uploads\/2023\/08\/Bildschirmfoto-2023-08-04-um-18.30.53.png\"><img loading=\"lazy\" decoding=\"async\" width=\"1024\" height=\"666\" src=\"http:\/\/www.markuslinden.de\/wp\/wp-content\/uploads\/2023\/08\/Bildschirmfoto-2023-08-04-um-18.30.53-1024x666.png\" alt=\"\" class=\"wp-image-582\" title=\"fM_08_2010_blitzlichttest\" srcset=\"http:\/\/www.markuslinden.de\/wp\/wp-content\/uploads\/2023\/08\/Bildschirmfoto-2023-08-04-um-18.30.53-1024x666.png 1024w, http:\/\/www.markuslinden.de\/wp\/wp-content\/uploads\/2023\/08\/Bildschirmfoto-2023-08-04-um-18.30.53-300x195.png 300w, http:\/\/www.markuslinden.de\/wp\/wp-content\/uploads\/2023\/08\/Bildschirmfoto-2023-08-04-um-18.30.53-768x500.png 768w, http:\/\/www.markuslinden.de\/wp\/wp-content\/uploads\/2023\/08\/Bildschirmfoto-2023-08-04-um-18.30.53-1536x999.png 1536w, http:\/\/www.markuslinden.de\/wp\/wp-content\/uploads\/2023\/08\/Bildschirmfoto-2023-08-04-um-18.30.53.png 1788w\" sizes=\"(max-width: 1024px) 100vw, 1024px\" \/><\/a><\/figure><\/div>\n\n\n<p>Test der wichtigesten Raw-Workflow-Programme f\u00fcr Fotografen. Erschienen im fotoMAGAZIN 01\/2022<\/p>\n\n\n\n<h2 class=\"wp-block-heading\">Kamera-Automatiken<\/h2>\n\n\n<div class=\"wp-block-image\">\n<figure class=\"alignleft\"><a href=\"http:\/\/www.spiegel.de\/netzwelt\/spielzeug\/0,1518,579178,00.html\"><img loading=\"lazy\" decoding=\"async\" width=\"315\" height=\"863\" src=\"http:\/\/www.markuslinden.de\/wp\/wp-content\/uploads\/2011\/08\/Spon_08_2008_Automatik1.png\" alt=\"\" class=\"wp-image-45\" title=\"Spon_08_2008_Automatik\" srcset=\"http:\/\/www.markuslinden.de\/wp\/wp-content\/uploads\/2011\/08\/Spon_08_2008_Automatik1.png 315w, http:\/\/www.markuslinden.de\/wp\/wp-content\/uploads\/2011\/08\/Spon_08_2008_Automatik1-109x300.png 109w\" sizes=\"(max-width: 315px) 100vw, 315px\" \/><\/a><\/figure><\/div>\n\n\n<p>L\u00e4chel-Automatik zum L\u00e4cheln: Moderne Kamera-Elektronik, vorgestellt auf Spiegel Online im September 2008<\/p>\n\n\n\n<h2 class=\"wp-block-heading\">&nbsp;<\/h2>\n","protected":false},"excerpt":{"rendered":"<p>Organisation von Fotowettbewerben Organisation der Leserwettbewerbe u. a. in der DigitalPHOTO Tests Printprodukte Test von Wandkalendern f\u00fcr das fotoMAGAZIN 11\/2021 Tests Fahrradzubeh\u00f6r Social Media Fototipps f\u00fcr Social Media, hier 2022 auf Instagram im Auftrag von PixelfotoExpress Werbung Foto, Layout und Satz f\u00fcr die GR\u00dcNEN in Reinbek. Tests von Fotozubeh\u00f6r jeder Art Tests Von Software Test &hellip; <a href=\"http:\/\/www.markuslinden.de\/?page_id=25\" class=\"more-link\"><span class=\"screen-reader-text\">Arbeiten<\/span> weiterlesen <span class=\"meta-nav\">&rarr;<\/span><\/a><\/p>\n","protected":false},"author":1,"featured_media":0,"parent":0,"menu_order":0,"comment_status":"closed","ping_status":"closed","template":"","meta":{"footnotes":""},"class_list":["post-25","page","type-page","status-publish","hentry"],"_links":{"self":[{"href":"http:\/\/www.markuslinden.de\/index.php?rest_route=\/wp\/v2\/pages\/25"}],"collection":[{"href":"http:\/\/www.markuslinden.de\/index.php?rest_route=\/wp\/v2\/pages"}],"about":[{"href":"http:\/\/www.markuslinden.de\/index.php?rest_route=\/wp\/v2\/types\/page"}],"author":[{"embeddable":true,"href":"http:\/\/www.markuslinden.de\/index.php?rest_route=\/wp\/v2\/users\/1"}],"replies":[{"embeddable":true,"href":"http:\/\/www.markuslinden.de\/index.php?rest_route=%2Fwp%2Fv2%2Fcomments&post=25"}],"version-history":[{"count":23,"href":"http:\/\/www.markuslinden.de\/index.php?rest_route=\/wp\/v2\/pages\/25\/revisions"}],"predecessor-version":[{"id":587,"href":"http:\/\/www.markuslinden.de\/index.php?rest_route=\/wp\/v2\/pages\/25\/revisions\/587"}],"wp:attachment":[{"href":"http:\/\/www.markuslinden.de\/index.php?rest_route=%2Fwp%2Fv2%2Fmedia&parent=25"}],"curies":[{"name":"wp","href":"https:\/\/api.w.org\/{rel}","templated":true}]}}